{"id":1663,"date":"2023-03-30T16:02:06","date_gmt":"2023-03-30T16:02:06","guid":{"rendered":"http:\/\/www.tsv-herrsching.de\/gymnastik_turnen\/?page_id=1663"},"modified":"2026-02-03T18:14:04","modified_gmt":"2026-02-03T18:14:04","slug":"gerateturnen-breitensport","status":"publish","type":"page","link":"https:\/\/www.tsv-herrsching.de\/gymnastik_turnen\/gerateturnen-breitensport\/","title":{"rendered":"Ger\u00e4teturnen Breitensport"},"content":{"rendered":"\t\t<div data-elementor-type=\"wp-page\" data-elementor-id=\"1663\" class=\"elementor elementor-1663\">\n\t\t\t\t\t\t<div class=\"elementor-inner\">\n\t\t\t\t<div class=\"elementor-section-wrap\">\n\t\t\t\t\t\t\t\t\t<section class=\"elementor-section elementor-top-section elementor-element elementor-element-55057a60 elementor-section-boxed elementor-section-height-default elementor-section-height-default\" data-id=\"55057a60\" data-element_type=\"section\">\n\t\t\t\t\t\t<div class=\"elementor-container elementor-column-gap-default\">\n\t\t\t\t\t\t\t<div class=\"elementor-row\">\n\t\t\t\t\t<div class=\"elementor-column elementor-col-100 elementor-top-column elementor-element elementor-element-ddd7eed\" data-id=\"ddd7eed\" data-element_type=\"column\">\n\t\t\t<div class=\"elementor-column-wrap elementor-element-populated\">\n\t\t\t\t\t\t\t<div class=\"elementor-widget-wrap\">\n\t\t\t\t\t\t<div class=\"elementor-element elementor-element-e6edcae elementor-widget elementor-widget-heading\" data-id=\"e6edcae\" data-element_type=\"widget\" data-widget_type=\"heading.default\">\n\t\t\t\t<div class=\"elementor-widget-container\">\n\t\t\t<h2 class=\"elementor-heading-title elementor-size-default\">Ger\u00e4teturnen Breitensport<\/h2>\t\t<\/div>\n\t\t\t\t<\/div>\n\t\t\t\t<div class=\"elementor-element elementor-element-8712220 elementor-widget elementor-widget-image\" data-id=\"8712220\" data-element_type=\"widget\" data-widget_type=\"image.default\">\n\t\t\t\t<div class=\"elementor-widget-container\">\n\t\t\t\t\t\t\t\t<div class=\"elementor-image\">\n\t\t\t\t\t\t\t\t\t\t\t\t<img decoding=\"async\" width=\"700\" height=\"163\" src=\"https:\/\/www.tsv-herrsching.de\/gymnastik_turnen\/wp-content\/uploads\/2014\/08\/Banner_Breitensport_Turnen.png\" class=\"attachment-full size-full wp-image-300\" alt=\"\" loading=\"lazy\" srcset=\"https:\/\/www.tsv-herrsching.de\/gymnastik_turnen\/wp-content\/uploads\/2014\/08\/Banner_Breitensport_Turnen.png 700w, https:\/\/www.tsv-herrsching.de\/gymnastik_turnen\/wp-content\/uploads\/2014\/08\/Banner_Breitensport_Turnen-300x69.png 300w\" sizes=\"(max-width: 700px) 100vw, 700px\" \/>\t\t\t\t\t\t\t\t\t\t\t\t\t\t<\/div>\n\t\t\t\t\t\t<\/div>\n\t\t\t\t<\/div>\n\t\t\t\t\t\t<\/div>\n\t\t\t\t\t<\/div>\n\t\t<\/div>\n\t\t\t\t\t\t\t\t<\/div>\n\t\t\t\t\t<\/div>\n\t\t<\/section>\n\t\t\t\t<section class=\"elementor-section elementor-top-section elementor-element elementor-element-49bf169 elementor-section-boxed elementor-section-height-default elementor-section-height-default\" data-id=\"49bf169\" data-element_type=\"section\">\n\t\t\t\t\t\t<div class=\"elementor-container elementor-column-gap-default\">\n\t\t\t\t\t\t\t<div class=\"elementor-row\">\n\t\t\t\t\t<div class=\"elementor-column elementor-col-100 elementor-top-column elementor-element elementor-element-9b710d0\" data-id=\"9b710d0\" data-element_type=\"column\">\n\t\t\t<div class=\"elementor-column-wrap elementor-element-populated\">\n\t\t\t\t\t\t\t<div class=\"elementor-widget-wrap\">\n\t\t\t\t\t\t<div class=\"elementor-element elementor-element-9b18b47 elementor-widget elementor-widget-heading\" data-id=\"9b18b47\" data-element_type=\"widget\" data-widget_type=\"heading.default\">\n\t\t\t\t<div class=\"elementor-widget-container\">\n\t\t\t<h2 class=\"elementor-heading-title elementor-size-default\">Angebot<\/h2>\t\t<\/div>\n\t\t\t\t<\/div>\n\t\t\t\t<div class=\"elementor-element elementor-element-da44434 elementor-widget elementor-widget-heading\" data-id=\"da44434\" data-element_type=\"widget\" data-widget_type=\"heading.default\">\n\t\t\t\t<div class=\"elementor-widget-container\">\n\t\t\t<h3 class=\"elementor-heading-title elementor-size-default\">Ger\u00e4teturnen Breitensport f\u00fcr M\u00e4dchen<\/h3>\t\t<\/div>\n\t\t\t\t<\/div>\n\t\t\t\t<div class=\"elementor-element elementor-element-8b9ae0d elementor-widget elementor-widget-text-editor\" data-id=\"8b9ae0d\" data-element_type=\"widget\" data-widget_type=\"text-editor.default\">\n\t\t\t\t<div class=\"elementor-widget-container\">\n\t\t\t\t\t\t\t\t<div class=\"elementor-text-editor elementor-clearfix\">\n\t\t\t\t<p>Seit Juni 2014 bieten wir Ger\u00e4teturnen f\u00fcr M\u00e4dchen ohne Wettkampf an. Dieses Training ist ideal f\u00fcr alle M\u00e4dchen von 6 bis 12 Jahren, die gerne an Ger\u00e4ten turnen, jedoch nicht auf Wettk\u00e4mpfe gehen m\u00f6chten.<\/p><p>Gruppe 1: Alter 6 bis 9 Jahre<br \/>Gruppe 2: Alter 10 bis 12 Jahre<\/p>\t\t\t\t\t<\/div>\n\t\t\t\t\t\t<\/div>\n\t\t\t\t<\/div>\n\t\t\t\t<div class=\"elementor-element elementor-element-8754ce2 elementor-widget elementor-widget-heading\" data-id=\"8754ce2\" data-element_type=\"widget\" data-widget_type=\"heading.default\">\n\t\t\t\t<div class=\"elementor-widget-container\">\n\t\t\t<h3 class=\"elementor-heading-title elementor-size-default\">Ger\u00e4teturnen Breitensport f\u00fcr Jungs<\/h3>\t\t<\/div>\n\t\t\t\t<\/div>\n\t\t\t\t<div class=\"elementor-element elementor-element-05edc26 elementor-widget elementor-widget-text-editor\" data-id=\"05edc26\" data-element_type=\"widget\" data-widget_type=\"text-editor.default\">\n\t\t\t\t<div class=\"elementor-widget-container\">\n\t\t\t\t\t\t\t\t<div class=\"elementor-text-editor elementor-clearfix\">\n\t\t\t\t<p>Derzeit bieten wir leider kein Ger\u00e4teturnen f\u00fcr Jungs an. Alternativ gibt es das Angebot &#8222;<a href=\"http:\/\/www.tsv-herrsching.de\/gymnastik_turnen\/freestyle-for-kids\/\" target=\"_blank\" rel=\"noopener\">Freestyle4Kids<\/a>&#8222;.<strong><br \/><\/strong><\/p>\t\t\t\t\t<\/div>\n\t\t\t\t\t\t<\/div>\n\t\t\t\t<\/div>\n\t\t\t\t<div class=\"elementor-element elementor-element-1f55198 elementor-widget elementor-widget-text-editor\" data-id=\"1f55198\" data-element_type=\"widget\" data-widget_type=\"text-editor.default\">\n\t\t\t\t<div class=\"elementor-widget-container\">\n\t\t\t\t\t\t\t\t<div class=\"elementor-text-editor elementor-clearfix\">\n\t\t\t\t<p><strong>Informationen zu den <a href=\"http:\/\/www.tsv-herrsching.de\/gymnastik_turnen\/?page_id=1663&amp;elementor-preview=1663&amp;ver=1680192111#training\">Trainingszeiten<\/a> und zur <a href=\"http:\/\/www.tsv-herrsching.de\/gymnastik_turnen\/?page_id=1663&amp;elementor-preview=1663&amp;ver=1680192111#anmeldung\">Anmeldung<\/a> finden Sie weiter unten.<\/strong><\/p>\t\t\t\t\t<\/div>\n\t\t\t\t\t\t<\/div>\n\t\t\t\t<\/div>\n\t\t\t\t<div class=\"elementor-element elementor-element-69659e4 elementor-widget elementor-widget-spacer\" data-id=\"69659e4\" data-element_type=\"widget\" data-widget_type=\"spacer.default\">\n\t\t\t\t<div class=\"elementor-widget-container\">\n\t\t\t\t\t<div class=\"elementor-spacer\">\n\t\t\t<div class=\"elementor-spacer-inner\"><\/div>\n\t\t<\/div>\n\t\t\t\t<\/div>\n\t\t\t\t<\/div>\n\t\t\t\t\t\t<\/div>\n\t\t\t\t\t<\/div>\n\t\t<\/div>\n\t\t\t\t\t\t\t\t<\/div>\n\t\t\t\t\t<\/div>\n\t\t<\/section>\n\t\t\t\t<section class=\"elementor-section elementor-top-section elementor-element elementor-element-cfbc4a6 elementor-section-boxed elementor-section-height-default elementor-section-height-default\" data-id=\"cfbc4a6\" data-element_type=\"section\">\n\t\t\t\t\t\t<div class=\"elementor-container elementor-column-gap-default\">\n\t\t\t\t\t\t\t<div class=\"elementor-row\">\n\t\t\t\t\t<div class=\"elementor-column elementor-col-100 elementor-top-column elementor-element elementor-element-89cce5d\" data-id=\"89cce5d\" data-element_type=\"column\">\n\t\t\t<div class=\"elementor-column-wrap elementor-element-populated\">\n\t\t\t\t\t\t\t<div class=\"elementor-widget-wrap\">\n\t\t\t\t\t\t<div class=\"elementor-element elementor-element-766cbde elementor-widget elementor-widget-heading\" data-id=\"766cbde\" data-element_type=\"widget\" data-widget_type=\"heading.default\">\n\t\t\t\t<div class=\"elementor-widget-container\">\n\t\t\t<h2 class=\"elementor-heading-title elementor-size-default\">Trainingszeiten<\/h2>\t\t<\/div>\n\t\t\t\t<\/div>\n\t\t\t\t<div class=\"elementor-element elementor-element-ddd42c0 elementor-absolute elementor-widget elementor-widget-menu-anchor\" data-id=\"ddd42c0\" data-element_type=\"widget\" data-settings=\"{&quot;_position&quot;:&quot;absolute&quot;}\" data-widget_type=\"menu-anchor.default\">\n\t\t\t\t<div class=\"elementor-widget-container\">\n\t\t\t\t\t<div id=\"training\" class=\"elementor-menu-anchor\"><\/div>\n\t\t\t\t<\/div>\n\t\t\t\t<\/div>\n\t\t\t\t<div class=\"elementor-element elementor-element-61c53c5 elementor-widget elementor-widget-text-editor\" data-id=\"61c53c5\" data-element_type=\"widget\" data-widget_type=\"text-editor.default\">\n\t\t\t\t<div class=\"elementor-widget-container\">\n\t\t\t\t\t\t\t\t<div class=\"elementor-text-editor elementor-clearfix\">\n\t\t\t\t<p>Der Tabelle k\u00f6nnen Sie die Trainingszeiten entnehmen. Die Farben geben Auskunft \u00fcber den Trainingsort, den genauen Standort der Trainingsorte finden Sie unter <a href=\"http:\/\/www.tsv-herrsching.de\/gymnastik_turnen\/trainingsorte\/\">Trainingsorte<\/a>.<\/p>\t\t\t\t\t<\/div>\n\t\t\t\t\t\t<\/div>\n\t\t\t\t<\/div>\n\t\t\t\t<div class=\"elementor-element elementor-element-8236ad8 elementor-icon-list--layout-inline elementor-widget__width-auto elementor-list-item-link-full_width elementor-widget elementor-widget-icon-list\" data-id=\"8236ad8\" data-element_type=\"widget\" data-widget_type=\"icon-list.default\">\n\t\t\t\t<div class=\"elementor-widget-container\">\n\t\t\t\t\t<ul class=\"elementor-icon-list-items elementor-inline-items\">\n\t\t\t\t\t\t\t<li class=\"elementor-icon-list-item elementor-inline-item\">\n\t\t\t\t\t\t\t\t\t\t\t<span class=\"elementor-icon-list-icon\">\n\t\t\t\t\t\t\t<i aria-hidden=\"true\" class=\"fas fa-circle\"><\/i>\t\t\t\t\t\t<\/span>\n\t\t\t\t\t\t\t\t\t\t<span class=\"elementor-icon-list-text\">Neue Realschulhalle<\/span>\n\t\t\t\t\t\t\t\t\t<\/li>\n\t\t\t\t\t\t<\/ul>\n\t\t\t\t<\/div>\n\t\t\t\t<\/div>\n\t\t\t\t<div class=\"elementor-element elementor-element-aa6eb60 elementor-widget elementor-widget-spacer\" data-id=\"aa6eb60\" data-element_type=\"widget\" data-widget_type=\"spacer.default\">\n\t\t\t\t<div class=\"elementor-widget-container\">\n\t\t\t\t\t<div class=\"elementor-spacer\">\n\t\t\t<div class=\"elementor-spacer-inner\"><\/div>\n\t\t<\/div>\n\t\t\t\t<\/div>\n\t\t\t\t<\/div>\n\t\t\t\t<div class=\"elementor-element elementor-element-a5abd66 elementor-widget elementor-widget-html\" data-id=\"a5abd66\" data-element_type=\"widget\" data-widget_type=\"html.default\">\n\t\t\t\t<div class=\"elementor-widget-container\">\n\t\t\t<div id=\"grid\">\n    <!--\n            <span class=\"time-slot\" aria-hidden=\"true\" style=\"grid-column: time-0800;\">8:00 Uhr<\/span>\n            <span class=\"time-slot\" aria-hidden=\"true\" style=\"grid-column: time-0900;\">9:00 Uhr<\/span>\n            <span class=\"time-slot\" aria-hidden=\"true\" style=\"grid-column: time-1000;\">10:00 Uhr<\/span>\n           \n            <span id=\"break\" class=\"time-slot\" aria-hidden=\"true\" style=\"grid-column: break; grid-row: mo \/ sa\"><\/span>\n            -->\n            \n            <span class=\"time-slot\" aria-hidden=\"true\" style=\"grid-column: time-1500; grid-row: time;\">15:00 Uhr<\/span>\n            <span class=\"time-slot\" aria-hidden=\"true\" style=\"grid-column: time-1600; grid-row: time;\">16:00 Uhr<\/span>\n            <span class=\"time-slot\" aria-hidden=\"true\" style=\"grid-column: time-1700; grid-row: time;\">17:00 Uhr<\/span>\n            <span class=\"time-slot\" aria-hidden=\"true\" style=\"grid-column: time-1800; grid-row: time;\">18:00 Uhr<\/span>\n            \n            <!--\n            <span class=\"time-slot\" aria-hidden=\"true\" style=\"grid-column: time-1800;\">18:00 Uhr<\/span>\n            <span class=\"time-slot\" aria-hidden=\"true\" style=\"grid-column: time-1900;\">19:00 Uhr<\/span>\n            <!-- gerade kein Angebot ab 20 Uhr \n                <span class=\"time-slot\" aria-hidden=\"true\" style=\"grid-column: time-2000;\">20:00 Uhr<\/span> \n            -->\n\n            <!-- ### MONTAG ### \n            <span class=\"day-slot\" aria-hidden=\"true\" style=\"grid-row: mo;\">Montag<\/span>\n            -->\n    \n            \n            <!-- ### Dienstag ### -->\n            <!--\n            <span class=\"day-slot\" aria-hidden=\"true\" style=\"grid-row: di;\">Dienstag<\/span>\n            -->\n\n\n            <!-- ### MITTWOCH ### -->\n            <!--\n            <span class=\"day-slot\" aria-hidden=\"true\" style=\"grid-row: mi;\">Mittwoch<\/span>\n            -->\n            \n\n            <!-- ### DONNERSTAG ### -->\n            \n            <span class=\"day-slot\" aria-hidden=\"true\" style=\"grid-row: do;\">Donnerstag<\/span>\n            <div id=\"turnen\" class=\"kurs  realschulhalle\" style=\"grid-column: time-1530 \/ time-1700; grid-row: do;\">\n                <p>15:30 - 16.30 Uhr<\/p>\n                <p><b>M\u00e4dchenturnen Gruppe 1<\/b><\/p>\n                <p>Alter 6-9 Jahre<br \/>\n                Margrit Wittenbrink Karin Neumeier<\/p>\n            <\/div>\n             <div id=\"turnen\" class=\"kurs  realschulhalle\" style=\"grid-column: time-1700 \/ time-1830; grid-row: do;\">\n                <p>16.45 - 18.15 Uhr<\/p>\n                <p><b>M\u00e4dchenturnen Gruppe 2<\/b><\/p>\n                <p>Alter 10-12 Jahre<br \/>\n             Margrit Wittenbrink Karin Neumeier<\/p>\n            <\/div>\n           \n\n            <!-- ### Freitag ### \n            <span class=\"day-slot\" aria-hidden=\"true\" style=\"grid-row: fr;\">Freitag<\/span>\n            -->\n            \n\n           <!-- gerade kein Angebot am Samstag \n                <span class=\"day-slot\" aria-hidden=\"true\" style=\"grid-row: sa;\">Samstag<\/span>\n           -->        \n        <\/div>\t\t<\/div>\n\t\t\t\t<\/div>\n\t\t\t\t<div class=\"elementor-element elementor-element-001cc7a elementor-widget elementor-widget-spacer\" data-id=\"001cc7a\" data-element_type=\"widget\" data-widget_type=\"spacer.default\">\n\t\t\t\t<div class=\"elementor-widget-container\">\n\t\t\t\t\t<div class=\"elementor-spacer\">\n\t\t\t<div class=\"elementor-spacer-inner\"><\/div>\n\t\t<\/div>\n\t\t\t\t<\/div>\n\t\t\t\t<\/div>\n\t\t\t\t\t\t<\/div>\n\t\t\t\t\t<\/div>\n\t\t<\/div>\n\t\t\t\t\t\t\t\t<\/div>\n\t\t\t\t\t<\/div>\n\t\t<\/section>\n\t\t\t\t<section class=\"elementor-section elementor-top-section elementor-element elementor-element-e0aae5c elementor-section-boxed elementor-section-height-default elementor-section-height-default\" data-id=\"e0aae5c\" data-element_type=\"section\">\n\t\t\t\t\t\t<div class=\"elementor-container elementor-column-gap-default\">\n\t\t\t\t\t\t\t<div class=\"elementor-row\">\n\t\t\t\t\t<div class=\"elementor-column elementor-col-100 elementor-top-column elementor-element elementor-element-1322d30\" data-id=\"1322d30\" data-element_type=\"column\">\n\t\t\t<div class=\"elementor-column-wrap elementor-element-populated\">\n\t\t\t\t\t\t\t<div class=\"elementor-widget-wrap\">\n\t\t\t\t\t\t<div class=\"elementor-element elementor-element-1c3d89e elementor-absolute elementor-widget elementor-widget-menu-anchor\" data-id=\"1c3d89e\" data-element_type=\"widget\" data-settings=\"{&quot;_position&quot;:&quot;absolute&quot;}\" data-widget_type=\"menu-anchor.default\">\n\t\t\t\t<div class=\"elementor-widget-container\">\n\t\t\t\t\t<div id=\"anmeldung\" class=\"elementor-menu-anchor\"><\/div>\n\t\t\t\t<\/div>\n\t\t\t\t<\/div>\n\t\t\t\t<div class=\"elementor-element elementor-element-3cc1cd6 elementor-widget elementor-widget-heading\" data-id=\"3cc1cd6\" data-element_type=\"widget\" data-widget_type=\"heading.default\">\n\t\t\t\t<div class=\"elementor-widget-container\">\n\t\t\t<h2 class=\"elementor-heading-title elementor-size-default\">Anmeldung<\/h2>\t\t<\/div>\n\t\t\t\t<\/div>\n\t\t\t\t<div class=\"elementor-element elementor-element-2592b82 elementor-widget elementor-widget-text-editor\" data-id=\"2592b82\" data-element_type=\"widget\" data-widget_type=\"text-editor.default\">\n\t\t\t\t<div class=\"elementor-widget-container\">\n\t\t\t\t\t\t\t\t<div class=\"elementor-text-editor elementor-clearfix\">\n\t\t\t\t<p>Sind Sie bzw. Ihr Kind an einem Angebot interessiert? Bitte wenden Sie sich vorab an die <a href=\"#trainerteam\">Trainerin<\/a>, da es nicht in allen Angeboten immer freie Pl\u00e4tze gibt.<\/p><p>Ein Probetraining ist nach Absprache mit einer der Trainerinnen problemlos m\u00f6glich (sofern freie Pl\u00e4tze verf\u00fcgbar sind).<\/p><p>M. Wittenbrink<\/p><p>0172\/7122607<\/p><p>Karin Neumeier<\/p><p>0176\/60379328<\/p>\t\t\t\t\t<\/div>\n\t\t\t\t\t\t<\/div>\n\t\t\t\t<\/div>\n\t\t\t\t<div class=\"elementor-element elementor-element-a1c3aed elementor-align-left elementor-widget elementor-widget-button\" data-id=\"a1c3aed\" data-element_type=\"widget\" data-widget_type=\"button.default\">\n\t\t\t\t<div class=\"elementor-widget-container\">\n\t\t\t\t\t<div class=\"elementor-button-wrapper\">\n\t\t\t<a href=\"https:\/\/www.tsvherrsching.de\/app\/download\/20778619\/1003+Beitrittserkl\u00e4rung+GuT+2026-01.pdf\" class=\"elementor-button-link elementor-button elementor-size-sm\" role=\"button\" id=\"BeitrittGymnastik\">\n\t\t\t\t\t\t<span class=\"elementor-button-content-wrapper\">\n\t\t\t\t\t\t\t<span class=\"elementor-button-icon elementor-align-icon-left\">\n\t\t\t\t<i aria-hidden=\"true\" class=\"fas fa-paperclip\"><\/i>\t\t\t<\/span>\n\t\t\t\t\t\t<span class=\"elementor-button-text\">Beitrittsformular<\/span>\n\t\t<\/span>\n\t\t\t\t\t<\/a>\n\t\t<\/div>\n\t\t\t\t<\/div>\n\t\t\t\t<\/div>\n\t\t\t\t<div class=\"elementor-element elementor-element-a50cf2b elementor-widget elementor-widget-spacer\" data-id=\"a50cf2b\" data-element_type=\"widget\" data-widget_type=\"spacer.default\">\n\t\t\t\t<div class=\"elementor-widget-container\">\n\t\t\t\t\t<div class=\"elementor-spacer\">\n\t\t\t<div class=\"elementor-spacer-inner\"><\/div>\n\t\t<\/div>\n\t\t\t\t<\/div>\n\t\t\t\t<\/div>\n\t\t\t\t\t\t<\/div>\n\t\t\t\t\t<\/div>\n\t\t<\/div>\n\t\t\t\t\t\t\t\t<\/div>\n\t\t\t\t\t<\/div>\n\t\t<\/section>\n\t\t\t\t<section class=\"elementor-section elementor-top-section elementor-element elementor-element-3f8bb71 elementor-section-boxed elementor-section-height-default elementor-section-height-default\" data-id=\"3f8bb71\" data-element_type=\"section\">\n\t\t\t\t\t\t<div class=\"elementor-container elementor-column-gap-default\">\n\t\t\t\t\t\t\t<div class=\"elementor-row\">\n\t\t\t\t\t<div class=\"elementor-column elementor-col-100 elementor-top-column elementor-element elementor-element-1aece36\" data-id=\"1aece36\" data-element_type=\"column\">\n\t\t\t<div class=\"elementor-column-wrap elementor-element-populated\">\n\t\t\t\t\t\t\t<div class=\"elementor-widget-wrap\">\n\t\t\t\t\t\t<div class=\"elementor-element elementor-element-592bf6d elementor-absolute elementor-widget elementor-widget-menu-anchor\" data-id=\"592bf6d\" data-element_type=\"widget\" data-settings=\"{&quot;_position&quot;:&quot;absolute&quot;}\" data-widget_type=\"menu-anchor.default\">\n\t\t\t\t<div class=\"elementor-widget-container\">\n\t\t\t\t\t<div id=\"trainerteam\" class=\"elementor-menu-anchor\"><\/div>\n\t\t\t\t<\/div>\n\t\t\t\t<\/div>\n\t\t\t\t<div class=\"elementor-element elementor-element-92cf9b6 elementor-widget elementor-widget-heading\" data-id=\"92cf9b6\" data-element_type=\"widget\" data-widget_type=\"heading.default\">\n\t\t\t\t<div class=\"elementor-widget-container\">\n\t\t\t<h2 class=\"elementor-heading-title elementor-size-default\">Trainerteam (siehe Wettkampfturnen)<\/h2>\t\t<\/div>\n\t\t\t\t<\/div>\n\t\t\t\t<section class=\"elementor-section elementor-inner-section elementor-element elementor-element-d26f5a5 elementor-section-boxed elementor-section-height-default elementor-section-height-default\" data-id=\"d26f5a5\" data-element_type=\"section\">\n\t\t\t\t\t\t<div class=\"elementor-container elementor-column-gap-default\">\n\t\t\t\t\t\t\t<div class=\"elementor-row\">\n\t\t\t\t\t<div class=\"elementor-column elementor-col-25 elementor-inner-column elementor-element elementor-element-b17972c\" data-id=\"b17972c\" data-element_type=\"column\">\n\t\t\t<div class=\"elementor-column-wrap\">\n\t\t\t\t\t\t\t<div class=\"elementor-widget-wrap\">\n\t\t\t\t\t\t\t\t<\/div>\n\t\t\t\t\t<\/div>\n\t\t<\/div>\n\t\t\t\t<div class=\"elementor-column elementor-col-25 elementor-inner-column elementor-element elementor-element-d415158\" data-id=\"d415158\" data-element_type=\"column\">\n\t\t\t<div class=\"elementor-column-wrap\">\n\t\t\t\t\t\t\t<div class=\"elementor-widget-wrap\">\n\t\t\t\t\t\t\t\t<\/div>\n\t\t\t\t\t<\/div>\n\t\t<\/div>\n\t\t\t\t<div class=\"elementor-column elementor-col-25 elementor-inner-column elementor-element elementor-element-c33f6da\" data-id=\"c33f6da\" data-element_type=\"column\">\n\t\t\t<div class=\"elementor-column-wrap\">\n\t\t\t\t\t\t\t<div class=\"elementor-widget-wrap\">\n\t\t\t\t\t\t\t\t<\/div>\n\t\t\t\t\t<\/div>\n\t\t<\/div>\n\t\t\t\t<div class=\"elementor-column elementor-col-25 elementor-inner-column elementor-element elementor-element-306d126\" data-id=\"306d126\" data-element_type=\"column\">\n\t\t\t<div class=\"elementor-column-wrap\">\n\t\t\t\t\t\t\t<div class=\"elementor-widget-wrap\">\n\t\t\t\t\t\t\t\t<\/div>\n\t\t\t\t\t<\/div>\n\t\t<\/div>\n\t\t\t\t\t\t\t\t<\/div>\n\t\t\t\t\t<\/div>\n\t\t<\/section>\n\t\t\t\t\t\t<\/div>\n\t\t\t\t\t<\/div>\n\t\t<\/div>\n\t\t\t\t\t\t\t\t<\/div>\n\t\t\t\t\t<\/div>\n\t\t<\/section>\n\t\t\t\t\t\t\t\t\t<\/div>\n\t\t\t<\/div>\n\t\t\t\t\t<\/div>\n\t\t","protected":false},"excerpt":{"rendered":"<p>Ger\u00e4teturnen Breitensport Angebot Ger\u00e4teturnen Breitensport f\u00fcr M\u00e4dchen Seit Juni 2014 bieten wir Ger\u00e4teturnen f\u00fcr M\u00e4dchen ohne Wettkampf an. Dieses Training ist ideal f\u00fcr alle M\u00e4dchen von 6 bis 12 Jahren, die gerne an Ger\u00e4ten turnen, jedoch nicht auf Wettk\u00e4mpfe gehen m\u00f6chten. Gruppe 1: Alter 6 bis 9 JahreGruppe 2: Alter 10 bis 12 Jahre Ger\u00e4teturnen <a class=\"read-more\" href=\"https:\/\/www.tsv-herrsching.de\/gymnastik_turnen\/gerateturnen-breitensport\/\">[&hellip;]<\/a><\/p>\n","protected":false},"author":1,"featured_media":0,"parent":0,"menu_order":0,"comment_status":"closed","ping_status":"closed","template":"elementor_header_footer","meta":[],"acf":[],"_links":{"self":[{"href":"https:\/\/www.tsv-herrsching.de\/gymnastik_turnen\/wp-json\/wp\/v2\/pages\/1663"}],"collection":[{"href":"https:\/\/www.tsv-herrsching.de\/gymnastik_turnen\/wp-json\/wp\/v2\/pages"}],"about":[{"href":"https:\/\/www.tsv-herrsching.de\/gymnastik_turnen\/wp-json\/wp\/v2\/types\/page"}],"author":[{"embeddable":true,"href":"https:\/\/www.tsv-herrsching.de\/gymnastik_turnen\/wp-json\/wp\/v2\/users\/1"}],"replies":[{"embeddable":true,"href":"https:\/\/www.tsv-herrsching.de\/gymnastik_turnen\/wp-json\/wp\/v2\/comments?post=1663"}],"version-history":[{"count":118,"href":"https:\/\/www.tsv-herrsching.de\/gymnastik_turnen\/wp-json\/wp\/v2\/pages\/1663\/revisions"}],"predecessor-version":[{"id":3468,"href":"https:\/\/www.tsv-herrsching.de\/gymnastik_turnen\/wp-json\/wp\/v2\/pages\/1663\/revisions\/3468"}],"wp:attachment":[{"href":"https:\/\/www.tsv-herrsching.de\/gymnastik_turnen\/wp-json\/wp\/v2\/media?parent=1663"}],"curies":[{"name":"wp","href":"https:\/\/api.w.org\/{rel}","templated":true}]}}